{"id":248,"date":"2026-04-05T23:20:51","date_gmt":"2026-04-05T23:20:51","guid":{"rendered":"https:\/\/fachadasycubiertasidg.com\/?page_id=248"},"modified":"2026-04-06T13:24:51","modified_gmt":"2026-04-06T13:24:51","slug":"rehabilitacion-energetica","status":"publish","type":"page","link":"https:\/\/fachadasycubiertasidg.com\/en\/rehabilitacion-energetica\/","title":{"rendered":"Energy Renovation"},"content":{"rendered":"<div data-elementor-type=\"wp-page\" data-elementor-id=\"248\" class=\"elementor elementor-248\" data-elementor-post-type=\"page\">\n\t\t\t\t<div class=\"elementor-element elementor-element-6184d8ec e-flex e-con-boxed e-con e-parent\" data-id=\"6184d8ec\" data-element_type=\"container\" data-e-type=\"container\" data-settings=\"{&quot;background_background&quot;:&quot;classic&quot;}\">\n\t\t\t\t\t<div class=\"e-con-inner\">\n\t\t\t\t<div class=\"elementor-element elementor-element-3feb14b3 elementor-widget elementor-widget-heading\" data-id=\"3feb14b3\" data-element_type=\"widget\" data-e-type=\"widget\" data-widget_type=\"heading.default\">\n\t\t\t\t\t<h1 class=\"elementor-heading-title elementor-size-default\">Energy renovation of buildings in Madrid<\/h1>\t\t\t\t<\/div>\n\t\t\t\t<div class=\"elementor-element elementor-element-3d5f0384 elementor-widget elementor-widget-text-editor\" data-id=\"3d5f0384\" data-element_type=\"widget\" data-e-type=\"widget\" data-widget_type=\"text-editor.default\">\n\t\t\t\t\t\t\t\t\t<p>Improve efficiency and reduce energy consumption<\/p>\t\t\t\t\t\t\t\t<\/div>\n\t\t\t\t\t<\/div>\n\t\t\t\t<\/div>\n\t\t<div class=\"elementor-element elementor-element-43aea880 e-flex e-con-boxed e-con e-parent\" data-id=\"43aea880\" data-element_type=\"container\" data-e-type=\"container\" data-settings=\"{&quot;background_background&quot;:&quot;classic&quot;}\">\n\t\t\t\t\t<div class=\"e-con-inner\">\n\t\t<div class=\"elementor-element elementor-element-7948a225 e-con-full e-flex e-con e-child\" data-id=\"7948a225\" data-element_type=\"container\" data-e-type=\"container\">\n\t\t\t\t<div class=\"elementor-element elementor-element-745c6544 elementor-widget elementor-widget-heading\" data-id=\"745c6544\" data-element_type=\"widget\" data-e-type=\"widget\" data-widget_type=\"heading.default\">\n\t\t\t\t\t<h2 class=\"elementor-heading-title elementor-size-default\">Investing in efficiency is investing in the future of the building.<\/h2>\t\t\t\t<\/div>\n\t\t\t\t<div class=\"elementor-element elementor-element-6f60ba63 elementor-widget elementor-widget-text-editor\" data-id=\"6f60ba63\" data-element_type=\"widget\" data-e-type=\"widget\" data-widget_type=\"text-editor.default\">\n\t\t\t\t\t\t\t\t\t<div class=\"elementor-element elementor-element-1efeb2d elementor-widget elementor-widget-text-editor\" data-id=\"1efeb2d\" data-element_type=\"widget\" data-widget_type=\"text-editor.default\"><div class=\"elementor-widget-container\"><p data-start=\"755\" data-end=\"962\">Energy renovation allows for improved insulation, reduced heat loss, and decreased climate control expenses. Furthermore, it increases property value and enhances the quality of life for residents.<\/p><p data-start=\"964\" data-end=\"1138\">Our approach combines technical solutions with grant advisory services, making it easier for communities to access public funding that reduces investment costs.<\/p><\/div><\/div>\t\t\t\t\t\t\t\t<\/div>\n\t\t\t\t<div class=\"elementor-element elementor-element-2df65c98 elementor-widget elementor-widget-button\" data-id=\"2df65c98\" data-element_type=\"widget\" data-e-type=\"widget\" data-widget_type=\"button.default\">\n\t\t\t\t\t\t\t\t\t\t<a class=\"elementor-button elementor-button-link elementor-size-sm\" href=\"\/en\/contacto\/\">\n\t\t\t\t\t\t<span class=\"elementor-button-content-wrapper\">\n\t\t\t\t\t\t\t\t\t<span class=\"elementor-button-text\">Request a quote<\/span>\n\t\t\t\t\t<\/span>\n\t\t\t\t\t<\/a>\n\t\t\t\t\t\t\t\t<\/div>\n\t\t\t\t<\/div>\n\t\t<div class=\"elementor-element elementor-element-4a6d66df e-con-full e-flex e-con e-child\" data-id=\"4a6d66df\" data-element_type=\"container\" data-e-type=\"container\">\n\t\t\t\t<div class=\"elementor-element elementor-element-670fa99f elementor-widget elementor-widget-image\" data-id=\"670fa99f\" data-element_type=\"widget\" data-e-type=\"widget\" data-widget_type=\"image.default\">\n\t\t\t\t\t\t\t\t\t\t\t\t\t\t\t<img fetchpriority=\"high\" decoding=\"async\" width=\"1024\" height=\"1024\" src=\"https:\/\/fachadasycubiertasidg.com\/wp-content\/uploads\/2026\/04\/fachadasycubiertasidg.com-termica-1024x1024.png\" class=\"attachment-large size-large wp-image-338\" alt=\"fachadasycubiertasidg.com\" srcset=\"https:\/\/fachadasycubiertasidg.com\/wp-content\/uploads\/2026\/04\/fachadasycubiertasidg.com-termica-1024x1024.png 1024w, https:\/\/fachadasycubiertasidg.com\/wp-content\/uploads\/2026\/04\/fachadasycubiertasidg.com-termica-300x300.png 300w, https:\/\/fachadasycubiertasidg.com\/wp-content\/uploads\/2026\/04\/fachadasycubiertasidg.com-termica-150x150.png 150w, https:\/\/fachadasycubiertasidg.com\/wp-content\/uploads\/2026\/04\/fachadasycubiertasidg.com-termica-768x768.png 768w, https:\/\/fachadasycubiertasidg.com\/wp-content\/uploads\/2026\/04\/fachadasycubiertasidg.com-termica.png 1080w\" sizes=\"(max-width: 1024px) 100vw, 1024px\" title=\"Energy Renovation\">\t\t\t\t\t\t\t\t\t\t\t\t\t\t\t<\/div>\n\t\t\t\t<\/div>\n\t\t\t\t\t<\/div>\n\t\t\t\t<\/div>\n\t\t<div class=\"elementor-element elementor-element-292f698d e-flex e-con-boxed e-con e-parent\" data-id=\"292f698d\" data-element_type=\"container\" data-e-type=\"container\" data-settings=\"{&quot;background_background&quot;:&quot;classic&quot;}\">\n\t\t\t\t\t<div class=\"e-con-inner\">\n\t\t\t\t<div class=\"elementor-element elementor-element-34504987 elementor-widget elementor-widget-heading\" data-id=\"34504987\" data-element_type=\"widget\" data-e-type=\"widget\" data-widget_type=\"heading.default\">\n\t\t\t\t\t<h2 class=\"elementor-heading-title elementor-size-default\">Roofing services<\/h2>\t\t\t\t<\/div>\n\t\t<div class=\"elementor-element elementor-element-15370383 e-con-full e-flex e-con e-child\" data-id=\"15370383\" data-element_type=\"container\" data-e-type=\"container\">\n\t\t<div class=\"elementor-element elementor-element-457f2a6c e-grid e-con-full e-con e-child\" data-id=\"457f2a6c\" data-element_type=\"container\" data-e-type=\"container\">\n\t\t<div class=\"elementor-element elementor-element-2e778dc4 e-con-full e-flex e-con e-child\" data-id=\"2e778dc4\" data-element_type=\"container\" data-e-type=\"container\" data-settings=\"{&quot;background_background&quot;:&quot;classic&quot;}\">\n\t\t\t\t<div class=\"elementor-element elementor-element-767a3c67 elementor-widget elementor-widget-heading\" data-id=\"767a3c67\" data-element_type=\"widget\" data-e-type=\"widget\" data-widget_type=\"heading.default\">\n\t\t\t\t\t<h3 class=\"elementor-heading-title elementor-size-default\">Energy efficiency projects<\/h3>\t\t\t\t<\/div>\n\t\t\t\t<div class=\"elementor-element elementor-element-75c33aaa elementor-widget-divider--view-line elementor-widget elementor-widget-divider\" data-id=\"75c33aaa\" data-element_type=\"widget\" data-e-type=\"widget\" data-widget_type=\"divider.default\">\n\t\t\t\t\t\t\t<div class=\"elementor-divider\">\n\t\t\t<span class=\"elementor-divider-separator\">\n\t\t\t\t\t\t<\/span>\n\t\t<\/div>\n\t\t\t\t\t\t<\/div>\n\t\t\t\t<div class=\"elementor-element elementor-element-3fa0f06b elementor-widget elementor-widget-heading\" data-id=\"3fa0f06b\" data-element_type=\"widget\" data-e-type=\"widget\" data-widget_type=\"heading.default\">\n\t\t\t\t\t<h3 class=\"elementor-heading-title elementor-size-default\">Design and implementation of solutions to optimize building energy performance.<\/h3>\t\t\t\t<\/div>\n\t\t\t\t<\/div>\n\t\t<div class=\"elementor-element elementor-element-1fee80c8 e-con-full e-flex e-con e-child\" data-id=\"1fee80c8\" data-element_type=\"container\" data-e-type=\"container\" data-settings=\"{&quot;background_background&quot;:&quot;classic&quot;}\">\n\t\t\t\t<div class=\"elementor-element elementor-element-33002700 elementor-widget elementor-widget-heading\" data-id=\"33002700\" data-element_type=\"widget\" data-e-type=\"widget\" data-widget_type=\"heading.default\">\n\t\t\t\t\t<h3 class=\"elementor-heading-title elementor-size-default\">Thermal envelope intervention<\/h3>\t\t\t\t<\/div>\n\t\t\t\t<div class=\"elementor-element elementor-element-3175da9 elementor-widget-divider--view-line elementor-widget elementor-widget-divider\" data-id=\"3175da9\" data-element_type=\"widget\" data-e-type=\"widget\" data-widget_type=\"divider.default\">\n\t\t\t\t\t\t\t<div class=\"elementor-divider\">\n\t\t\t<span class=\"elementor-divider-separator\">\n\t\t\t\t\t\t<\/span>\n\t\t<\/div>\n\t\t\t\t\t\t<\/div>\n\t\t\t\t<div class=\"elementor-element elementor-element-37a08497 elementor-widget elementor-widget-heading\" data-id=\"37a08497\" data-element_type=\"widget\" data-e-type=\"widget\" data-widget_type=\"heading.default\">\n\t\t\t\t\t<h3 class=\"elementor-heading-title elementor-size-default\">Facade and roof performance to reduce energy loss and improve insulation.<\/h3>\t\t\t\t<\/div>\n\t\t\t\t<\/div>\n\t\t<div class=\"elementor-element elementor-element-125e112a e-con-full e-flex e-con e-child\" data-id=\"125e112a\" data-element_type=\"container\" data-e-type=\"container\" data-settings=\"{&quot;background_background&quot;:&quot;classic&quot;}\">\n\t\t\t\t<div class=\"elementor-element elementor-element-5e55592b elementor-widget elementor-widget-heading\" data-id=\"5e55592b\" data-element_type=\"widget\" data-e-type=\"widget\" data-widget_type=\"heading.default\">\n\t\t\t\t\t<h3 class=\"elementor-heading-title elementor-size-default\">Grant processing<\/h3>\t\t\t\t<\/div>\n\t\t\t\t<div class=\"elementor-element elementor-element-1c9c5e3c elementor-widget-divider--view-line elementor-widget elementor-widget-divider\" data-id=\"1c9c5e3c\" data-element_type=\"widget\" data-e-type=\"widget\" data-widget_type=\"divider.default\">\n\t\t\t\t\t\t\t<div class=\"elementor-divider\">\n\t\t\t<span class=\"elementor-divider-separator\">\n\t\t\t\t\t\t<\/span>\n\t\t<\/div>\n\t\t\t\t\t\t<\/div>\n\t\t\t\t<div class=\"elementor-element elementor-element-7419d02e elementor-widget elementor-widget-heading\" data-id=\"7419d02e\" data-element_type=\"widget\" data-e-type=\"widget\" data-widget_type=\"heading.default\">\n\t\t\t\t\t<h3 class=\"elementor-heading-title elementor-size-default\">Management of available aid, including Next Generation EU funds and regional programs.<\/h3>\t\t\t\t<\/div>\n\t\t\t\t<\/div>\n\t\t<div class=\"elementor-element elementor-element-5dae2e18 e-con-full e-flex e-con e-child\" data-id=\"5dae2e18\" data-element_type=\"container\" data-e-type=\"container\" data-settings=\"{&quot;background_background&quot;:&quot;classic&quot;}\">\n\t\t\t\t<div class=\"elementor-element elementor-element-5106c38 elementor-widget elementor-widget-heading\" data-id=\"5106c38\" data-element_type=\"widget\" data-e-type=\"widget\" data-widget_type=\"heading.default\">\n\t\t\t\t\t<h3 class=\"elementor-heading-title elementor-size-default\">Energy certificates<\/h3>\t\t\t\t<\/div>\n\t\t\t\t<div class=\"elementor-element elementor-element-14af9ac7 elementor-widget-divider--view-line elementor-widget elementor-widget-divider\" data-id=\"14af9ac7\" data-element_type=\"widget\" data-e-type=\"widget\" data-widget_type=\"divider.default\">\n\t\t\t\t\t\t\t<div class=\"elementor-divider\">\n\t\t\t<span class=\"elementor-divider-separator\">\n\t\t\t\t\t\t<\/span>\n\t\t<\/div>\n\t\t\t\t\t\t<\/div>\n\t\t\t\t<div class=\"elementor-element elementor-element-4c5c1ca5 elementor-widget elementor-widget-heading\" data-id=\"4c5c1ca5\" data-element_type=\"widget\" data-e-type=\"widget\" data-widget_type=\"heading.default\">\n\t\t\t\t\t<h3 class=\"elementor-heading-title elementor-size-default\">Issuance of certificates before and after the intervention to assess the improvement achieved.<\/h3>\t\t\t\t<\/div>\n\t\t\t\t<\/div>\n\t\t\t\t<\/div>\n\t\t\t\t<\/div>\n\t\t\t\t<div class=\"elementor-element elementor-element-12fb9782 elementor-widget elementor-widget-text-editor\" data-id=\"12fb9782\" data-element_type=\"widget\" data-e-type=\"widget\" data-widget_type=\"text-editor.default\">\n\t\t\t\t\t\t\t\t\t<p>We analyze the energy status of the building and propose a solution tailored to your needs.<\/p>\t\t\t\t\t\t\t\t<\/div>\n\t\t\t\t\t<\/div>\n\t\t\t\t<\/div>\n\t\t<div class=\"elementor-element elementor-element-6f059c15 e-flex e-con-boxed e-con e-parent\" data-id=\"6f059c15\" data-element_type=\"container\" data-e-type=\"container\" data-settings=\"{&quot;background_background&quot;:&quot;classic&quot;}\">\n\t\t\t\t\t<div class=\"e-con-inner\">\n\t\t<div class=\"elementor-element elementor-element-28dbd958 e-con-full e-flex e-con e-child\" data-id=\"28dbd958\" data-element_type=\"container\" data-e-type=\"container\">\n\t\t\t\t<div class=\"elementor-element elementor-element-317b3ff0 elementor-widget elementor-widget-heading\" data-id=\"317b3ff0\" data-element_type=\"widget\" data-e-type=\"widget\" data-widget_type=\"heading.default\">\n\t\t\t\t\t<p class=\"elementor-heading-title elementor-size-default\">Request a quote for your roof<\/p>\t\t\t\t<\/div>\n\t\t\t\t<div class=\"elementor-element elementor-element-150d9449 elementor-widget elementor-widget-text-editor\" data-id=\"150d9449\" data-element_type=\"widget\" data-e-type=\"widget\" data-widget_type=\"text-editor.default\">\n\t\t\t\t\t\t\t\t\t<p>We analyze your case and offer you a technical solution adapted to your building, with a clear and non-binding quote.<\/p>\t\t\t\t\t\t\t\t<\/div>\n\t\t\t\t<\/div>\n\t\t<div class=\"elementor-element elementor-element-6f45d77d e-con-full e-flex e-con e-child\" data-id=\"6f45d77d\" data-element_type=\"container\" data-e-type=\"container\">\n\t\t\t\t<div class=\"elementor-element elementor-element-587062b4 elementor-widget elementor-widget-button\" data-id=\"587062b4\" data-element_type=\"widget\" data-e-type=\"widget\" data-widget_type=\"button.default\">\n\t\t\t\t\t\t\t\t\t\t<a class=\"elementor-button elementor-button-link elementor-size-sm\" href=\"\/en\/contacto\/\">\n\t\t\t\t\t\t<span class=\"elementor-button-content-wrapper\">\n\t\t\t\t\t\t\t\t\t<span class=\"elementor-button-text\">Request a quote<\/span>\n\t\t\t\t\t<\/span>\n\t\t\t\t\t<\/a>\n\t\t\t\t\t\t\t\t<\/div>\n\t\t\t\t<\/div>\n\t\t\t\t\t<\/div>\n\t\t\t\t<\/div>\n\t\t\t\t<\/div>","protected":false},"excerpt":{"rendered":"<p>Rehabilitaci\u00f3n energ\u00e9tica de edificios en Madrid Mejora la eficiencia y reduce el consumo energ\u00e9tico Invertir en eficiencia es invertir en el futuro del edificio La rehabilitaci\u00f3n energ\u00e9tica permite mejorar el aislamiento, reducir p\u00e9rdidas t\u00e9rmicas y disminuir el gasto en climatizaci\u00f3n. Adem\u00e1s, aumenta el valor del inmueble y mejora la calidad de vida de los vecinos. [&hellip;]<\/p>\n","protected":false},"author":2,"featured_media":0,"parent":0,"menu_order":0,"comment_status":"closed","ping_status":"closed","template":"","meta":{"footnotes":""},"class_list":["post-248","page","type-page","status-publish","hentry"],"blocksy_meta":[],"_links":{"self":[{"href":"https:\/\/fachadasycubiertasidg.com\/en\/wp-json\/wp\/v2\/pages\/248","targetHints":{"allow":["GET"]}}],"collection":[{"href":"https:\/\/fachadasycubiertasidg.com\/en\/wp-json\/wp\/v2\/pages"}],"about":[{"href":"https:\/\/fachadasycubiertasidg.com\/en\/wp-json\/wp\/v2\/types\/page"}],"author":[{"embeddable":true,"href":"https:\/\/fachadasycubiertasidg.com\/en\/wp-json\/wp\/v2\/users\/2"}],"replies":[{"embeddable":true,"href":"https:\/\/fachadasycubiertasidg.com\/en\/wp-json\/wp\/v2\/comments?post=248"}],"version-history":[{"count":10,"href":"https:\/\/fachadasycubiertasidg.com\/en\/wp-json\/wp\/v2\/pages\/248\/revisions"}],"predecessor-version":[{"id":344,"href":"https:\/\/fachadasycubiertasidg.com\/en\/wp-json\/wp\/v2\/pages\/248\/revisions\/344"}],"wp:attachment":[{"href":"https:\/\/fachadasycubiertasidg.com\/en\/wp-json\/wp\/v2\/media?parent=248"}],"curies":[{"name":"wp","href":"https:\/\/api.w.org\/{rel}","templated":true}]}}