{"id":243,"date":"2026-04-05T23:20:11","date_gmt":"2026-04-05T23:20:11","guid":{"rendered":"https:\/\/fachadasycubiertasidg.com\/?page_id=243"},"modified":"2026-04-06T13:25:12","modified_gmt":"2026-04-06T13:25:12","slug":"ite-y-derramas","status":"publish","type":"page","link":"https:\/\/fachadasycubiertasidg.com\/en\/ite-y-derramas\/","title":{"rendered":"ITE and Levies"},"content":{"rendered":"<div data-elementor-type=\"wp-page\" data-elementor-id=\"243\" class=\"elementor elementor-243\" data-elementor-post-type=\"page\">\n\t\t\t\t<div class=\"elementor-element elementor-element-5a8e64ff e-flex e-con-boxed e-con e-parent\" data-id=\"5a8e64ff\" data-element_type=\"container\" data-e-type=\"container\" data-settings=\"{&quot;background_background&quot;:&quot;classic&quot;}\">\n\t\t\t\t\t<div class=\"e-con-inner\">\n\t\t\t\t<div class=\"elementor-element elementor-element-46e3ddf elementor-widget elementor-widget-heading\" data-id=\"46e3ddf\" data-element_type=\"widget\" data-e-type=\"widget\" data-widget_type=\"heading.default\">\n\t\t\t\t\t<h1 class=\"elementor-heading-title elementor-size-default\">Works by ITE and management of assessments in Madrid<\/h1>\t\t\t\t<\/div>\n\t\t\t\t<div class=\"elementor-element elementor-element-52e66326 elementor-widget elementor-widget-text-editor\" data-id=\"52e66326\" data-element_type=\"widget\" data-e-type=\"widget\" data-widget_type=\"text-editor.default\">\n\t\t\t\t\t\t\t\t\t<p>Technical solutions for owners' communities<\/p>\t\t\t\t\t\t\t\t<\/div>\n\t\t\t\t\t<\/div>\n\t\t\t\t<\/div>\n\t\t<div class=\"elementor-element elementor-element-7ac3d54d e-flex e-con-boxed e-con e-parent\" data-id=\"7ac3d54d\" data-element_type=\"container\" data-e-type=\"container\" data-settings=\"{&quot;background_background&quot;:&quot;classic&quot;}\">\n\t\t\t\t\t<div class=\"e-con-inner\">\n\t\t<div class=\"elementor-element elementor-element-43db0cfd e-con-full e-flex e-con e-child\" data-id=\"43db0cfd\" data-element_type=\"container\" data-e-type=\"container\">\n\t\t\t\t<div class=\"elementor-element elementor-element-1b0ed7cd elementor-widget elementor-widget-heading\" data-id=\"1b0ed7cd\" data-element_type=\"widget\" data-e-type=\"widget\" data-widget_type=\"heading.default\">\n\t\t\t\t\t<h2 class=\"elementor-heading-title elementor-size-default\">We intervene when action is already necessary<\/h2>\t\t\t\t<\/div>\n\t\t\t\t<div class=\"elementor-element elementor-element-3c57c170 elementor-widget elementor-widget-text-editor\" data-id=\"3c57c170\" data-element_type=\"widget\" data-e-type=\"widget\" data-widget_type=\"text-editor.default\">\n\t\t\t\t\t\t\t\t\t<div class=\"elementor-element elementor-element-1efeb2d elementor-widget elementor-widget-text-editor\" data-id=\"1efeb2d\" data-element_type=\"widget\" data-widget_type=\"text-editor.default\"><div class=\"elementor-widget-container\"><p data-start=\"951\" data-end=\"1260\">If your building has received an unfavorable ITE (Technical Building Inspection) or the community has approved a special assessment, it's important to act quickly and with technical expertise. At IDG Cubiertas y Fachadas, we accompany you throughout the entire process, from interpreting the report to the complete execution of the works.<\/p><\/div><\/div>\t\t\t\t\t\t\t\t<\/div>\n\t\t\t\t<div class=\"elementor-element elementor-element-4661f289 elementor-widget elementor-widget-button\" data-id=\"4661f289\" data-element_type=\"widget\" data-e-type=\"widget\" data-widget_type=\"button.default\">\n\t\t\t\t\t\t\t\t\t\t<a class=\"elementor-button elementor-button-link elementor-size-sm\" href=\"\/en\/contacto\/\">\n\t\t\t\t\t\t<span class=\"elementor-button-content-wrapper\">\n\t\t\t\t\t\t\t\t\t<span class=\"elementor-button-text\">Request a quote<\/span>\n\t\t\t\t\t<\/span>\n\t\t\t\t\t<\/a>\n\t\t\t\t\t\t\t\t<\/div>\n\t\t\t\t<\/div>\n\t\t<div class=\"elementor-element elementor-element-2892b282 e-con-full e-flex e-con e-child\" data-id=\"2892b282\" data-element_type=\"container\" data-e-type=\"container\">\n\t\t\t\t<div class=\"elementor-element elementor-element-4203ccbd elementor-widget elementor-widget-image\" data-id=\"4203ccbd\" data-element_type=\"widget\" data-e-type=\"widget\" data-widget_type=\"image.default\">\n\t\t\t\t\t\t\t\t\t\t\t\t\t\t\t<img fetchpriority=\"high\" decoding=\"async\" width=\"1024\" height=\"1024\" src=\"https:\/\/fachadasycubiertasidg.com\/wp-content\/uploads\/2026\/04\/fachadasycubiertasidg.com-ITE-1024x1024.png\" class=\"attachment-large size-large wp-image-334\" alt=\"fachadasycubiertasidg.com\" srcset=\"https:\/\/fachadasycubiertasidg.com\/wp-content\/uploads\/2026\/04\/fachadasycubiertasidg.com-ITE-1024x1024.png 1024w, https:\/\/fachadasycubiertasidg.com\/wp-content\/uploads\/2026\/04\/fachadasycubiertasidg.com-ITE-300x300.png 300w, https:\/\/fachadasycubiertasidg.com\/wp-content\/uploads\/2026\/04\/fachadasycubiertasidg.com-ITE-150x150.png 150w, https:\/\/fachadasycubiertasidg.com\/wp-content\/uploads\/2026\/04\/fachadasycubiertasidg.com-ITE-768x768.png 768w, https:\/\/fachadasycubiertasidg.com\/wp-content\/uploads\/2026\/04\/fachadasycubiertasidg.com-ITE.png 1080w\" sizes=\"(max-width: 1024px) 100vw, 1024px\" title=\"ITE and Levies\">\t\t\t\t\t\t\t\t\t\t\t\t\t\t\t<\/div>\n\t\t\t\t<\/div>\n\t\t\t\t\t<\/div>\n\t\t\t\t<\/div>\n\t\t<div class=\"elementor-element elementor-element-6d802344 e-flex e-con-boxed e-con e-parent\" data-id=\"6d802344\" data-element_type=\"container\" data-e-type=\"container\" data-settings=\"{&quot;background_background&quot;:&quot;classic&quot;}\">\n\t\t\t\t\t<div class=\"e-con-inner\">\n\t\t\t\t<div class=\"elementor-element elementor-element-ed3e8e2 elementor-widget elementor-widget-heading\" data-id=\"ed3e8e2\" data-element_type=\"widget\" data-e-type=\"widget\" data-widget_type=\"heading.default\">\n\t\t\t\t\t<h2 class=\"elementor-heading-title elementor-size-default\">Roofing services<\/h2>\t\t\t\t<\/div>\n\t\t<div class=\"elementor-element elementor-element-62fd466e e-con-full e-flex e-con e-child\" data-id=\"62fd466e\" data-element_type=\"container\" data-e-type=\"container\">\n\t\t<div class=\"elementor-element elementor-element-329234b e-grid e-con-full e-con e-child\" data-id=\"329234b\" data-element_type=\"container\" data-e-type=\"container\">\n\t\t<div class=\"elementor-element elementor-element-46ca96d7 e-con-full e-flex e-con e-child\" data-id=\"46ca96d7\" data-element_type=\"container\" data-e-type=\"container\" data-settings=\"{&quot;background_background&quot;:&quot;classic&quot;}\">\n\t\t\t\t<div class=\"elementor-element elementor-element-1342c14d elementor-widget elementor-widget-heading\" data-id=\"1342c14d\" data-element_type=\"widget\" data-e-type=\"widget\" data-widget_type=\"heading.default\">\n\t\t\t\t\t<h3 class=\"elementor-heading-title elementor-size-default\">Technical assistance in ITE processes<\/h3>\t\t\t\t<\/div>\n\t\t\t\t<div class=\"elementor-element elementor-element-38ff0ead elementor-widget-divider--view-line elementor-widget elementor-widget-divider\" data-id=\"38ff0ead\" data-element_type=\"widget\" data-e-type=\"widget\" data-widget_type=\"divider.default\">\n\t\t\t\t\t\t\t<div class=\"elementor-divider\">\n\t\t\t<span class=\"elementor-divider-separator\">\n\t\t\t\t\t\t<\/span>\n\t\t<\/div>\n\t\t\t\t\t\t<\/div>\n\t\t\t\t<div class=\"elementor-element elementor-element-41f5169e elementor-widget elementor-widget-heading\" data-id=\"41f5169e\" data-element_type=\"widget\" data-e-type=\"widget\" data-widget_type=\"heading.default\">\n\t\t\t\t\t<h3 class=\"elementor-heading-title elementor-size-default\">We analyze the inspection report and help you understand the necessary actions to comply with regulations.<\/h3>\t\t\t\t<\/div>\n\t\t\t\t<\/div>\n\t\t<div class=\"elementor-element elementor-element-422c1299 e-con-full e-flex e-con e-child\" data-id=\"422c1299\" data-element_type=\"container\" data-e-type=\"container\" data-settings=\"{&quot;background_background&quot;:&quot;classic&quot;}\">\n\t\t\t\t<div class=\"elementor-element elementor-element-3a0d470a elementor-widget elementor-widget-heading\" data-id=\"3a0d470a\" data-element_type=\"widget\" data-e-type=\"widget\" data-widget_type=\"heading.default\">\n\t\t\t\t\t<h3 class=\"elementor-heading-title elementor-size-default\">Execution of works resulting from a negative ITE<\/h3>\t\t\t\t<\/div>\n\t\t\t\t<div class=\"elementor-element elementor-element-3fc18230 elementor-widget-divider--view-line elementor-widget elementor-widget-divider\" data-id=\"3fc18230\" data-element_type=\"widget\" data-e-type=\"widget\" data-widget_type=\"divider.default\">\n\t\t\t\t\t\t\t<div class=\"elementor-divider\">\n\t\t\t<span class=\"elementor-divider-separator\">\n\t\t\t\t\t\t<\/span>\n\t\t<\/div>\n\t\t\t\t\t\t<\/div>\n\t\t\t\t<div class=\"elementor-element elementor-element-305572bf elementor-widget elementor-widget-heading\" data-id=\"305572bf\" data-element_type=\"widget\" data-e-type=\"widget\" data-widget_type=\"heading.default\">\n\t\t\t\t\t<h3 class=\"elementor-heading-title elementor-size-default\">We carried out the necessary work to rectify the defects detected in the technical report.<\/h3>\t\t\t\t<\/div>\n\t\t\t\t<\/div>\n\t\t<div class=\"elementor-element elementor-element-3523eeb1 e-con-full e-flex e-con e-child\" data-id=\"3523eeb1\" data-element_type=\"container\" data-e-type=\"container\" data-settings=\"{&quot;background_background&quot;:&quot;classic&quot;}\">\n\t\t\t\t<div class=\"elementor-element elementor-element-360a9e1c elementor-widget elementor-widget-heading\" data-id=\"360a9e1c\" data-element_type=\"widget\" data-e-type=\"widget\" data-widget_type=\"heading.default\">\n\t\t\t\t\t<h3 class=\"elementor-heading-title elementor-size-default\">File management for communities<\/h3>\t\t\t\t<\/div>\n\t\t\t\t<div class=\"elementor-element elementor-element-2f6e5de5 elementor-widget-divider--view-line elementor-widget elementor-widget-divider\" data-id=\"2f6e5de5\" data-element_type=\"widget\" data-e-type=\"widget\" data-widget_type=\"divider.default\">\n\t\t\t\t\t\t\t<div class=\"elementor-divider\">\n\t\t\t<span class=\"elementor-divider-separator\">\n\t\t\t\t\t\t<\/span>\n\t\t<\/div>\n\t\t\t\t\t\t<\/div>\n\t\t\t\t<div class=\"elementor-element elementor-element-479ba98d elementor-widget elementor-widget-heading\" data-id=\"479ba98d\" data-element_type=\"widget\" data-e-type=\"widget\" data-widget_type=\"heading.default\">\n\t\t\t\t\t<h3 class=\"elementor-heading-title elementor-size-default\">We coordinate the entire technical and administrative process in communities with approved assessments.<\/h3>\t\t\t\t<\/div>\n\t\t\t\t<\/div>\n\t\t<div class=\"elementor-element elementor-element-4e98f868 e-con-full e-flex e-con e-child\" data-id=\"4e98f868\" data-element_type=\"container\" data-e-type=\"container\" data-settings=\"{&quot;background_background&quot;:&quot;classic&quot;}\">\n\t\t\t\t<div class=\"elementor-element elementor-element-b21cc1f elementor-widget elementor-widget-heading\" data-id=\"b21cc1f\" data-element_type=\"widget\" data-e-type=\"widget\" data-widget_type=\"heading.default\">\n\t\t\t\t\t<h3 class=\"elementor-heading-title elementor-size-default\">Technical documentation for city hall<\/h3>\t\t\t\t<\/div>\n\t\t\t\t<div class=\"elementor-element elementor-element-6863982b elementor-widget-divider--view-line elementor-widget elementor-widget-divider\" data-id=\"6863982b\" data-element_type=\"widget\" data-e-type=\"widget\" data-widget_type=\"divider.default\">\n\t\t\t\t\t\t\t<div class=\"elementor-divider\">\n\t\t\t<span class=\"elementor-divider-separator\">\n\t\t\t\t\t\t<\/span>\n\t\t<\/div>\n\t\t\t\t\t\t<\/div>\n\t\t\t\t<div class=\"elementor-element elementor-element-329774b2 elementor-widget elementor-widget-heading\" data-id=\"329774b2\" data-element_type=\"widget\" data-e-type=\"widget\" data-widget_type=\"heading.default\">\n\t\t\t\t\t<h3 class=\"elementor-heading-title elementor-size-default\">We prepare and manage the necessary documentation to comply with municipal requirements.<\/h3>\t\t\t\t<\/div>\n\t\t\t\t<\/div>\n\t\t\t\t<\/div>\n\t\t\t\t<\/div>\n\t\t\t\t<div class=\"elementor-element elementor-element-57d65c59 elementor-widget elementor-widget-text-editor\" data-id=\"57d65c59\" data-element_type=\"widget\" data-e-type=\"widget\" data-widget_type=\"text-editor.default\">\n\t\t\t\t\t\t\t\t\t<p>We work directly with administrators to streamline decision-making and project execution.<\/p>\t\t\t\t\t\t\t\t<\/div>\n\t\t\t\t\t<\/div>\n\t\t\t\t<\/div>\n\t\t<div class=\"elementor-element elementor-element-55fedb27 e-flex e-con-boxed e-con e-parent\" data-id=\"55fedb27\" data-element_type=\"container\" data-e-type=\"container\" data-settings=\"{&quot;background_background&quot;:&quot;classic&quot;}\">\n\t\t\t\t\t<div class=\"e-con-inner\">\n\t\t<div class=\"elementor-element elementor-element-6d442a06 e-con-full e-flex e-con e-child\" data-id=\"6d442a06\" data-element_type=\"container\" data-e-type=\"container\">\n\t\t\t\t<div class=\"elementor-element elementor-element-41714e0 elementor-widget elementor-widget-heading\" data-id=\"41714e0\" data-element_type=\"widget\" data-e-type=\"widget\" data-widget_type=\"heading.default\">\n\t\t\t\t\t<p class=\"elementor-heading-title elementor-size-default\">Request a quote for your roof<\/p>\t\t\t\t<\/div>\n\t\t\t\t<div class=\"elementor-element elementor-element-7fc28736 elementor-widget elementor-widget-text-editor\" data-id=\"7fc28736\" data-element_type=\"widget\" data-e-type=\"widget\" data-widget_type=\"text-editor.default\">\n\t\t\t\t\t\t\t\t\t<p>We analyze your case and offer you a technical solution adapted to your building, with a clear and non-binding quote.<\/p>\t\t\t\t\t\t\t\t<\/div>\n\t\t\t\t<\/div>\n\t\t<div class=\"elementor-element elementor-element-456828c7 e-con-full e-flex e-con e-child\" data-id=\"456828c7\" data-element_type=\"container\" data-e-type=\"container\">\n\t\t\t\t<div class=\"elementor-element elementor-element-699dfd87 elementor-widget elementor-widget-button\" data-id=\"699dfd87\" data-element_type=\"widget\" data-e-type=\"widget\" data-widget_type=\"button.default\">\n\t\t\t\t\t\t\t\t\t\t<a class=\"elementor-button elementor-button-link elementor-size-sm\" href=\"\/en\/contacto\/\">\n\t\t\t\t\t\t<span class=\"elementor-button-content-wrapper\">\n\t\t\t\t\t\t\t\t\t<span class=\"elementor-button-text\">Request a quote<\/span>\n\t\t\t\t\t<\/span>\n\t\t\t\t\t<\/a>\n\t\t\t\t\t\t\t\t<\/div>\n\t\t\t\t<\/div>\n\t\t\t\t\t<\/div>\n\t\t\t\t<\/div>\n\t\t\t\t<\/div>","protected":false},"excerpt":{"rendered":"<p>Obras por ITE y gesti\u00f3n de derramas en Madrid Soluciones t\u00e9cnicas para comunidades de propietarios Intervenimos cuando la actuaci\u00f3n ya es necesaria Si tu edificio ha recibido una ITE desfavorable o la comunidad ha aprobado una derrama, es importante actuar con rapidez y criterio t\u00e9cnico. En IDG Cubiertas y Fachadas te acompa\u00f1amos en todo el [&hellip;]<\/p>\n","protected":false},"author":2,"featured_media":0,"parent":0,"menu_order":0,"comment_status":"closed","ping_status":"closed","template":"","meta":{"footnotes":""},"class_list":["post-243","page","type-page","status-publish","hentry"],"blocksy_meta":[],"_links":{"self":[{"href":"https:\/\/fachadasycubiertasidg.com\/en\/wp-json\/wp\/v2\/pages\/243","targetHints":{"allow":["GET"]}}],"collection":[{"href":"https:\/\/fachadasycubiertasidg.com\/en\/wp-json\/wp\/v2\/pages"}],"about":[{"href":"https:\/\/fachadasycubiertasidg.com\/en\/wp-json\/wp\/v2\/types\/page"}],"author":[{"embeddable":true,"href":"https:\/\/fachadasycubiertasidg.com\/en\/wp-json\/wp\/v2\/users\/2"}],"replies":[{"embeddable":true,"href":"https:\/\/fachadasycubiertasidg.com\/en\/wp-json\/wp\/v2\/comments?post=243"}],"version-history":[{"count":10,"href":"https:\/\/fachadasycubiertasidg.com\/en\/wp-json\/wp\/v2\/pages\/243\/revisions"}],"predecessor-version":[{"id":347,"href":"https:\/\/fachadasycubiertasidg.com\/en\/wp-json\/wp\/v2\/pages\/243\/revisions\/347"}],"wp:attachment":[{"href":"https:\/\/fachadasycubiertasidg.com\/en\/wp-json\/wp\/v2\/media?parent=243"}],"curies":[{"name":"wp","href":"https:\/\/api.w.org\/{rel}","templated":true}]}}