{"id":238,"date":"2026-04-05T23:18:33","date_gmt":"2026-04-05T23:18:33","guid":{"rendered":"https:\/\/fachadasycubiertasidg.com\/?page_id=238"},"modified":"2026-04-06T13:26:32","modified_gmt":"2026-04-06T13:26:32","slug":"fachadas","status":"publish","type":"page","link":"https:\/\/fachadasycubiertasidg.com\/en\/fachadas\/","title":{"rendered":"Facades"},"content":{"rendered":"<div data-elementor-type=\"wp-page\" data-elementor-id=\"238\" class=\"elementor elementor-238\" data-elementor-post-type=\"page\">\n\t\t\t\t<div class=\"elementor-element elementor-element-17df16b6 e-flex e-con-boxed e-con e-parent\" data-id=\"17df16b6\" data-element_type=\"container\" data-e-type=\"container\" data-settings=\"{&quot;background_background&quot;:&quot;classic&quot;}\">\n\t\t\t\t\t<div class=\"e-con-inner\">\n\t\t\t\t<div class=\"elementor-element elementor-element-603b3b81 elementor-widget elementor-widget-heading\" data-id=\"603b3b81\" data-element_type=\"widget\" data-e-type=\"widget\" data-widget_type=\"heading.default\">\n\t\t\t\t\t<h1 class=\"elementor-heading-title elementor-size-default\">Facade renovation in Madrid<\/h1>\t\t\t\t<\/div>\n\t\t\t\t<div class=\"elementor-element elementor-element-4289551e elementor-widget elementor-widget-text-editor\" data-id=\"4289551e\" data-element_type=\"widget\" data-e-type=\"widget\" data-widget_type=\"text-editor.default\">\n\t\t\t\t\t\t\t\t\t<p>Technical interventions for preserving, repairing, and improving buildings<\/p>\t\t\t\t\t\t\t\t<\/div>\n\t\t\t\t\t<\/div>\n\t\t\t\t<\/div>\n\t\t<div class=\"elementor-element elementor-element-66594a57 e-flex e-con-boxed e-con e-parent\" data-id=\"66594a57\" data-element_type=\"container\" data-e-type=\"container\" data-settings=\"{&quot;background_background&quot;:&quot;classic&quot;}\">\n\t\t\t\t\t<div class=\"e-con-inner\">\n\t\t<div class=\"elementor-element elementor-element-6fc17aca e-con-full e-flex e-con e-child\" data-id=\"6fc17aca\" data-element_type=\"container\" data-e-type=\"container\">\n\t\t\t\t<div class=\"elementor-element elementor-element-62f66238 elementor-widget elementor-widget-heading\" data-id=\"62f66238\" data-element_type=\"widget\" data-e-type=\"widget\" data-widget_type=\"heading.default\">\n\t\t\t\t\t<h2 class=\"elementor-heading-title elementor-size-default\">Technical interventions for preserving, repairing, and improving buildings<\/h2>\t\t\t\t<\/div>\n\t\t\t\t<div class=\"elementor-element elementor-element-47eb7a8d elementor-widget elementor-widget-text-editor\" data-id=\"47eb7a8d\" data-element_type=\"widget\" data-e-type=\"widget\" data-widget_type=\"text-editor.default\">\n\t\t\t\t\t\t\t\t\t<p>At IDG Cubiertas y Fachadas, we carry out facade renovation projects for homeowner associations and residential buildings. We address structural pathologies, insulation problems, and general deterioration, guaranteeing durable, safe solutions that comply with current regulations.<\/p>\t\t\t\t\t\t\t\t<\/div>\n\t\t\t\t<div class=\"elementor-element elementor-element-2907632e elementor-widget elementor-widget-button\" data-id=\"2907632e\" data-element_type=\"widget\" data-e-type=\"widget\" data-widget_type=\"button.default\">\n\t\t\t\t\t\t\t\t\t\t<a class=\"elementor-button elementor-button-link elementor-size-sm\" href=\"\/en\/contacto\/\">\n\t\t\t\t\t\t<span class=\"elementor-button-content-wrapper\">\n\t\t\t\t\t\t\t\t\t<span class=\"elementor-button-text\">Request a quote<\/span>\n\t\t\t\t\t<\/span>\n\t\t\t\t\t<\/a>\n\t\t\t\t\t\t\t\t<\/div>\n\t\t\t\t<\/div>\n\t\t<div class=\"elementor-element elementor-element-53478f5f e-con-full e-flex e-con e-child\" data-id=\"53478f5f\" data-element_type=\"container\" data-e-type=\"container\">\n\t\t\t\t<div class=\"elementor-element elementor-element-7d2df786 elementor-widget elementor-widget-image\" data-id=\"7d2df786\" data-element_type=\"widget\" data-e-type=\"widget\" data-widget_type=\"image.default\">\n\t\t\t\t\t\t\t\t\t\t\t\t\t\t\t<img fetchpriority=\"high\" decoding=\"async\" width=\"1024\" height=\"1024\" src=\"https:\/\/fachadasycubiertasidg.com\/wp-content\/uploads\/2026\/04\/fachadasycubiertasidg.com_-1-1024x1024.png\" class=\"attachment-large size-large wp-image-329\" alt=\"fachadasycubiertasidg.com\" srcset=\"https:\/\/fachadasycubiertasidg.com\/wp-content\/uploads\/2026\/04\/fachadasycubiertasidg.com_-1-1024x1024.png 1024w, https:\/\/fachadasycubiertasidg.com\/wp-content\/uploads\/2026\/04\/fachadasycubiertasidg.com_-1-300x300.png 300w, https:\/\/fachadasycubiertasidg.com\/wp-content\/uploads\/2026\/04\/fachadasycubiertasidg.com_-1-150x150.png 150w, https:\/\/fachadasycubiertasidg.com\/wp-content\/uploads\/2026\/04\/fachadasycubiertasidg.com_-1-768x768.png 768w, https:\/\/fachadasycubiertasidg.com\/wp-content\/uploads\/2026\/04\/fachadasycubiertasidg.com_-1.png 1080w\" sizes=\"(max-width: 1024px) 100vw, 1024px\" title=\"Facades\">\t\t\t\t\t\t\t\t\t\t\t\t\t\t\t<\/div>\n\t\t\t\t<\/div>\n\t\t\t\t\t<\/div>\n\t\t\t\t<\/div>\n\t\t<div class=\"elementor-element elementor-element-159ff5bc e-flex e-con-boxed e-con e-parent\" data-id=\"159ff5bc\" data-element_type=\"container\" data-e-type=\"container\" data-settings=\"{&quot;background_background&quot;:&quot;classic&quot;}\">\n\t\t\t\t\t<div class=\"e-con-inner\">\n\t\t\t\t<div class=\"elementor-element elementor-element-2ee76bc8 elementor-widget elementor-widget-heading\" data-id=\"2ee76bc8\" data-element_type=\"widget\" data-e-type=\"widget\" data-widget_type=\"heading.default\">\n\t\t\t\t\t<h2 class=\"elementor-heading-title elementor-size-default\">Roofing services<\/h2>\t\t\t\t<\/div>\n\t\t<div class=\"elementor-element elementor-element-512958f9 e-con-full e-flex e-con e-child\" data-id=\"512958f9\" data-element_type=\"container\" data-e-type=\"container\">\n\t\t<div class=\"elementor-element elementor-element-75f62db0 e-grid e-con-full e-con e-child\" data-id=\"75f62db0\" data-element_type=\"container\" data-e-type=\"container\">\n\t\t<div class=\"elementor-element elementor-element-13cb5d8b e-con-full e-flex e-con e-child\" data-id=\"13cb5d8b\" data-element_type=\"container\" data-e-type=\"container\" data-settings=\"{&quot;background_background&quot;:&quot;classic&quot;}\">\n\t\t\t\t<div class=\"elementor-element elementor-element-2d37eb58 elementor-widget elementor-widget-heading\" data-id=\"2d37eb58\" data-element_type=\"widget\" data-e-type=\"widget\" data-widget_type=\"heading.default\">\n\t\t\t\t\t<h3 class=\"elementor-heading-title elementor-size-default\">Comprehensive facade rehabilitation<\/h3>\t\t\t\t<\/div>\n\t\t\t\t<div class=\"elementor-element elementor-element-5322e3c1 elementor-widget-divider--view-line elementor-widget elementor-widget-divider\" data-id=\"5322e3c1\" data-element_type=\"widget\" data-e-type=\"widget\" data-widget_type=\"divider.default\">\n\t\t\t\t\t\t\t<div class=\"elementor-divider\">\n\t\t\t<span class=\"elementor-divider-separator\">\n\t\t\t\t\t\t<\/span>\n\t\t<\/div>\n\t\t\t\t\t\t<\/div>\n\t\t\t\t<div class=\"elementor-element elementor-element-459b2887 elementor-widget elementor-widget-heading\" data-id=\"459b2887\" data-element_type=\"widget\" data-e-type=\"widget\" data-widget_type=\"heading.default\">\n\t\t\t\t\t<h3 class=\"elementor-heading-title elementor-size-default\">Comprehensive intervention on the facade, including repair, consolidation, and aesthetic improvement, adapted to the building's needs.<\/h3>\t\t\t\t<\/div>\n\t\t\t\t<\/div>\n\t\t<div class=\"elementor-element elementor-element-4737565f e-con-full e-flex e-con e-child\" data-id=\"4737565f\" data-element_type=\"container\" data-e-type=\"container\" data-settings=\"{&quot;background_background&quot;:&quot;classic&quot;}\">\n\t\t\t\t<div class=\"elementor-element elementor-element-205a67a8 elementor-widget elementor-widget-heading\" data-id=\"205a67a8\" data-element_type=\"widget\" data-e-type=\"widget\" data-widget_type=\"heading.default\">\n\t\t\t\t\t<h3 class=\"elementor-heading-title elementor-size-default\">External Thermal Insulation Composite Systems (ETICS)<\/h3>\t\t\t\t<\/div>\n\t\t\t\t<div class=\"elementor-element elementor-element-1d071cf1 elementor-widget-divider--view-line elementor-widget elementor-widget-divider\" data-id=\"1d071cf1\" data-element_type=\"widget\" data-e-type=\"widget\" data-widget_type=\"divider.default\">\n\t\t\t\t\t\t\t<div class=\"elementor-divider\">\n\t\t\t<span class=\"elementor-divider-separator\">\n\t\t\t\t\t\t<\/span>\n\t\t<\/div>\n\t\t\t\t\t\t<\/div>\n\t\t\t\t<div class=\"elementor-element elementor-element-31148e55 elementor-widget elementor-widget-heading\" data-id=\"31148e55\" data-element_type=\"widget\" data-e-type=\"widget\" data-widget_type=\"heading.default\">\n\t\t\t\t\t<h3 class=\"elementor-heading-title elementor-size-default\">Installation of ETICS (External Thermal Insulation Composite Systems) to improve building energy efficiency, reduce heat loss, and increase interior comfort.<\/h3>\t\t\t\t<\/div>\n\t\t\t\t<\/div>\n\t\t<div class=\"elementor-element elementor-element-17784ea7 e-con-full e-flex e-con e-child\" data-id=\"17784ea7\" data-element_type=\"container\" data-e-type=\"container\" data-settings=\"{&quot;background_background&quot;:&quot;classic&quot;}\">\n\t\t\t\t<div class=\"elementor-element elementor-element-6fb80b81 elementor-widget elementor-widget-heading\" data-id=\"6fb80b81\" data-element_type=\"widget\" data-e-type=\"widget\" data-widget_type=\"heading.default\">\n\t\t\t\t\t<h3 class=\"elementor-heading-title elementor-size-default\">Structural repairs and crack treatment<\/h3>\t\t\t\t<\/div>\n\t\t\t\t<div class=\"elementor-element elementor-element-300bed8c elementor-widget-divider--view-line elementor-widget elementor-widget-divider\" data-id=\"300bed8c\" data-element_type=\"widget\" data-e-type=\"widget\" data-widget_type=\"divider.default\">\n\t\t\t\t\t\t\t<div class=\"elementor-divider\">\n\t\t\t<span class=\"elementor-divider-separator\">\n\t\t\t\t\t\t<\/span>\n\t\t<\/div>\n\t\t\t\t\t\t<\/div>\n\t\t\t\t<div class=\"elementor-element elementor-element-2df06201 elementor-widget elementor-widget-heading\" data-id=\"2df06201\" data-element_type=\"widget\" data-e-type=\"widget\" data-widget_type=\"heading.default\">\n\t\t\t\t\t<h3 class=\"elementor-heading-title elementor-size-default\">Action on cracks, fissures, and structural damage to ensure the stability and safety of the facade.<\/h3>\t\t\t\t<\/div>\n\t\t\t\t<\/div>\n\t\t<div class=\"elementor-element elementor-element-8d7ddf3 e-con-full e-flex e-con e-child\" data-id=\"8d7ddf3\" data-element_type=\"container\" data-e-type=\"container\" data-settings=\"{&quot;background_background&quot;:&quot;classic&quot;}\">\n\t\t\t\t<div class=\"elementor-element elementor-element-66f7c27a elementor-widget elementor-widget-heading\" data-id=\"66f7c27a\" data-element_type=\"widget\" data-e-type=\"widget\" data-widget_type=\"heading.default\">\n\t\t\t\t\t<h3 class=\"elementor-heading-title elementor-size-default\">Energy efficiency improvement<\/h3>\t\t\t\t<\/div>\n\t\t\t\t<div class=\"elementor-element elementor-element-53037c1 elementor-widget-divider--view-line elementor-widget elementor-widget-divider\" data-id=\"53037c1\" data-element_type=\"widget\" data-e-type=\"widget\" data-widget_type=\"divider.default\">\n\t\t\t\t\t\t\t<div class=\"elementor-divider\">\n\t\t\t<span class=\"elementor-divider-separator\">\n\t\t\t\t\t\t<\/span>\n\t\t<\/div>\n\t\t\t\t\t\t<\/div>\n\t\t\t\t<div class=\"elementor-element elementor-element-3cd058b4 elementor-widget elementor-widget-heading\" data-id=\"3cd058b4\" data-element_type=\"widget\" data-e-type=\"widget\" data-widget_type=\"heading.default\">\n\t\t\t\t\t<h3 class=\"elementor-heading-title elementor-size-default\">Solutions aimed at reducing the building's energy consumption through interventions on the exterior envelope.<\/h3>\t\t\t\t<\/div>\n\t\t\t\t<\/div>\n\t\t\t\t<\/div>\n\t\t\t\t<\/div>\n\t\t\t\t<div class=\"elementor-element elementor-element-1547c9be elementor-widget elementor-widget-text-editor\" data-id=\"1547c9be\" data-element_type=\"widget\" data-e-type=\"widget\" data-widget_type=\"text-editor.default\">\n\t\t\t\t\t\t\t\t\t<p>We work in coordination with homeowners' associations and property managers, ensuring clear management, adherence to deadlines, and transparency throughout the entire process.<\/p>\t\t\t\t\t\t\t\t<\/div>\n\t\t\t\t\t<\/div>\n\t\t\t\t<\/div>\n\t\t<div class=\"elementor-element elementor-element-4b428f13 e-flex e-con-boxed e-con e-parent\" data-id=\"4b428f13\" data-element_type=\"container\" data-e-type=\"container\" data-settings=\"{&quot;background_background&quot;:&quot;classic&quot;}\">\n\t\t\t\t\t<div class=\"e-con-inner\">\n\t\t<div class=\"elementor-element elementor-element-7dbfa148 e-con-full e-flex e-con e-child\" data-id=\"7dbfa148\" data-element_type=\"container\" data-e-type=\"container\">\n\t\t\t\t<div class=\"elementor-element elementor-element-177d660d elementor-widget elementor-widget-heading\" data-id=\"177d660d\" data-element_type=\"widget\" data-e-type=\"widget\" data-widget_type=\"heading.default\">\n\t\t\t\t\t<p class=\"elementor-heading-title elementor-size-default\">Request a quote for your roof<\/p>\t\t\t\t<\/div>\n\t\t\t\t<div class=\"elementor-element elementor-element-5de86014 elementor-widget elementor-widget-text-editor\" data-id=\"5de86014\" data-element_type=\"widget\" data-e-type=\"widget\" data-widget_type=\"text-editor.default\">\n\t\t\t\t\t\t\t\t\t<p>We analyze your case and offer you a technical solution adapted to your building, with a clear and non-binding quote.<\/p>\t\t\t\t\t\t\t\t<\/div>\n\t\t\t\t<\/div>\n\t\t<div class=\"elementor-element elementor-element-23faf5b0 e-con-full e-flex e-con e-child\" data-id=\"23faf5b0\" data-element_type=\"container\" data-e-type=\"container\">\n\t\t\t\t<div class=\"elementor-element elementor-element-1560dfbe elementor-widget elementor-widget-button\" data-id=\"1560dfbe\" data-element_type=\"widget\" data-e-type=\"widget\" data-widget_type=\"button.default\">\n\t\t\t\t\t\t\t\t\t\t<a class=\"elementor-button elementor-button-link elementor-size-sm\" href=\"\/en\/contacto\/\">\n\t\t\t\t\t\t<span class=\"elementor-button-content-wrapper\">\n\t\t\t\t\t\t\t\t\t<span class=\"elementor-button-text\">Request a quote<\/span>\n\t\t\t\t\t<\/span>\n\t\t\t\t\t<\/a>\n\t\t\t\t\t\t\t\t<\/div>\n\t\t\t\t<\/div>\n\t\t\t\t\t<\/div>\n\t\t\t\t<\/div>\n\t\t\t\t<\/div>","protected":false},"excerpt":{"rendered":"<p>Rehabilitaci\u00f3n de fachadas en Madrid Intervenciones t\u00e9cnicas para conservar, reparar y mejorar edificios Intervenciones t\u00e9cnicas para conservar, reparar y mejorar edificios En IDG Cubiertas y Fachadas ejecutamos proyectos de rehabilitaci\u00f3n de fachadas orientados a comunidades de propietarios y edificios residenciales. Actuamos sobre patolog\u00edas estructurales, problemas de aislamiento y deterioro general, garantizando soluciones duraderas, seguras y [&hellip;]<\/p>\n","protected":false},"author":2,"featured_media":0,"parent":0,"menu_order":0,"comment_status":"closed","ping_status":"closed","template":"","meta":{"footnotes":""},"class_list":["post-238","page","type-page","status-publish","hentry"],"blocksy_meta":[],"_links":{"self":[{"href":"https:\/\/fachadasycubiertasidg.com\/en\/wp-json\/wp\/v2\/pages\/238","targetHints":{"allow":["GET"]}}],"collection":[{"href":"https:\/\/fachadasycubiertasidg.com\/en\/wp-json\/wp\/v2\/pages"}],"about":[{"href":"https:\/\/fachadasycubiertasidg.com\/en\/wp-json\/wp\/v2\/types\/page"}],"author":[{"embeddable":true,"href":"https:\/\/fachadasycubiertasidg.com\/en\/wp-json\/wp\/v2\/users\/2"}],"replies":[{"embeddable":true,"href":"https:\/\/fachadasycubiertasidg.com\/en\/wp-json\/wp\/v2\/comments?post=238"}],"version-history":[{"count":10,"href":"https:\/\/fachadasycubiertasidg.com\/en\/wp-json\/wp\/v2\/pages\/238\/revisions"}],"predecessor-version":[{"id":350,"href":"https:\/\/fachadasycubiertasidg.com\/en\/wp-json\/wp\/v2\/pages\/238\/revisions\/350"}],"wp:attachment":[{"href":"https:\/\/fachadasycubiertasidg.com\/en\/wp-json\/wp\/v2\/media?parent=238"}],"curies":[{"name":"wp","href":"https:\/\/api.w.org\/{rel}","templated":true}]}}