{"id":187,"date":"2026-04-05T21:19:23","date_gmt":"2026-04-05T21:19:23","guid":{"rendered":"https:\/\/fachadasycubiertasidg.com\/?page_id=187"},"modified":"2026-04-06T13:26:59","modified_gmt":"2026-04-06T13:26:59","slug":"cubiertas","status":"publish","type":"page","link":"https:\/\/fachadasycubiertasidg.com\/en\/cubiertas\/","title":{"rendered":"Covers"},"content":{"rendered":"<div data-elementor-type=\"wp-page\" data-elementor-id=\"187\" class=\"elementor elementor-187\" data-elementor-post-type=\"page\">\n\t\t\t\t<div class=\"elementor-element elementor-element-40135503 e-flex e-con-boxed e-con e-parent\" data-id=\"40135503\" data-element_type=\"container\" data-e-type=\"container\" data-settings=\"{&quot;background_background&quot;:&quot;classic&quot;}\">\n\t\t\t\t\t<div class=\"e-con-inner\">\n\t\t\t\t<div class=\"elementor-element elementor-element-777e4697 elementor-widget elementor-widget-heading\" data-id=\"777e4697\" data-element_type=\"widget\" data-e-type=\"widget\" data-widget_type=\"heading.default\">\n\t\t\t\t\t<h1 class=\"elementor-heading-title elementor-size-default\">Roof renovation in Madrid<\/h1>\t\t\t\t<\/div>\n\t\t\t\t<div class=\"elementor-element elementor-element-4124e23 elementor-widget elementor-widget-text-editor\" data-id=\"4124e23\" data-element_type=\"widget\" data-e-type=\"widget\" data-widget_type=\"text-editor.default\">\n\t\t\t\t\t\t\t\t\t<p>Waterproofing, structural repair, and insulation improvement<\/p>\t\t\t\t\t\t\t\t<\/div>\n\t\t\t\t\t<\/div>\n\t\t\t\t<\/div>\n\t\t<div class=\"elementor-element elementor-element-11eee6da e-flex e-con-boxed e-con e-parent\" data-id=\"11eee6da\" data-element_type=\"container\" data-e-type=\"container\" data-settings=\"{&quot;background_background&quot;:&quot;classic&quot;}\">\n\t\t\t\t\t<div class=\"e-con-inner\">\n\t\t<div class=\"elementor-element elementor-element-7db81188 e-con-full e-flex e-con e-child\" data-id=\"7db81188\" data-element_type=\"container\" data-e-type=\"container\">\n\t\t\t\t<div class=\"elementor-element elementor-element-57230898 elementor-widget elementor-widget-heading\" data-id=\"57230898\" data-element_type=\"widget\" data-e-type=\"widget\" data-widget_type=\"heading.default\">\n\t\t\t\t\t<h2 class=\"elementor-heading-title elementor-size-default\">Roof rehabilitation specialists<\/h2>\t\t\t\t<\/div>\n\t\t\t\t<div class=\"elementor-element elementor-element-1abaaab8 elementor-widget elementor-widget-text-editor\" data-id=\"1abaaab8\" data-element_type=\"widget\" data-e-type=\"widget\" data-widget_type=\"text-editor.default\">\n\t\t\t\t\t\t\t\t\t<div class=\"elementor-element elementor-element-1efeb2d elementor-widget elementor-widget-text-editor\" data-id=\"1efeb2d\" data-element_type=\"widget\" data-widget_type=\"text-editor.default\"><div class=\"elementor-widget-container\"><p data-start=\"951\" data-end=\"1260\">The roof is one of the most sensitive elements of the building. Timely intervention prevents major damage to the structure, homes, and common areas. At IDG Cubiertas y Fachadas, we work on flat, sloped, and walkable roofs, adapting each solution to the actual condition of the construction system.<\/p><\/div><\/div>\t\t\t\t\t\t\t\t<\/div>\n\t\t\t\t<div class=\"elementor-element elementor-element-a3176c6 elementor-widget elementor-widget-button\" data-id=\"a3176c6\" data-element_type=\"widget\" data-e-type=\"widget\" data-widget_type=\"button.default\">\n\t\t\t\t\t\t\t\t\t\t<a class=\"elementor-button elementor-button-link elementor-size-sm\" href=\"\/en\/contacto\/\">\n\t\t\t\t\t\t<span class=\"elementor-button-content-wrapper\">\n\t\t\t\t\t\t\t\t\t<span class=\"elementor-button-text\">Request a quote<\/span>\n\t\t\t\t\t<\/span>\n\t\t\t\t\t<\/a>\n\t\t\t\t\t\t\t\t<\/div>\n\t\t\t\t<\/div>\n\t\t<div class=\"elementor-element elementor-element-2ffc43fa e-con-full e-flex e-con e-child\" data-id=\"2ffc43fa\" data-element_type=\"container\" data-e-type=\"container\">\n\t\t\t\t<div class=\"elementor-element elementor-element-d4f58e0 elementor-widget elementor-widget-image\" data-id=\"d4f58e0\" data-element_type=\"widget\" data-e-type=\"widget\" data-widget_type=\"image.default\">\n\t\t\t\t\t\t\t\t\t\t\t\t\t\t\t<img fetchpriority=\"high\" decoding=\"async\" width=\"1024\" height=\"1024\" src=\"https:\/\/fachadasycubiertasidg.com\/wp-content\/uploads\/2026\/04\/fachadasycubiertasidg.com-4-1024x1024.png\" class=\"attachment-large size-large wp-image-194\" alt=\"fachadasycubiertasidg.com\" srcset=\"https:\/\/fachadasycubiertasidg.com\/wp-content\/uploads\/2026\/04\/fachadasycubiertasidg.com-4-1024x1024.png 1024w, https:\/\/fachadasycubiertasidg.com\/wp-content\/uploads\/2026\/04\/fachadasycubiertasidg.com-4-300x300.png 300w, https:\/\/fachadasycubiertasidg.com\/wp-content\/uploads\/2026\/04\/fachadasycubiertasidg.com-4-150x150.png 150w, https:\/\/fachadasycubiertasidg.com\/wp-content\/uploads\/2026\/04\/fachadasycubiertasidg.com-4-768x768.png 768w, https:\/\/fachadasycubiertasidg.com\/wp-content\/uploads\/2026\/04\/fachadasycubiertasidg.com-4.png 1080w\" sizes=\"(max-width: 1024px) 100vw, 1024px\" title=\"Covers\">\t\t\t\t\t\t\t\t\t\t\t\t\t\t\t<\/div>\n\t\t\t\t<\/div>\n\t\t\t\t\t<\/div>\n\t\t\t\t<\/div>\n\t\t<div class=\"elementor-element elementor-element-f3be09f e-flex e-con-boxed e-con e-parent\" data-id=\"f3be09f\" data-element_type=\"container\" data-e-type=\"container\" data-settings=\"{&quot;background_background&quot;:&quot;classic&quot;}\">\n\t\t\t\t\t<div class=\"e-con-inner\">\n\t\t\t\t<div class=\"elementor-element elementor-element-ffb3198 elementor-widget elementor-widget-heading\" data-id=\"ffb3198\" data-element_type=\"widget\" data-e-type=\"widget\" data-widget_type=\"heading.default\">\n\t\t\t\t\t<h2 class=\"elementor-heading-title elementor-size-default\">Roofing services<\/h2>\t\t\t\t<\/div>\n\t\t<div class=\"elementor-element elementor-element-177ebd3 e-con-full e-flex e-con e-child\" data-id=\"177ebd3\" data-element_type=\"container\" data-e-type=\"container\">\n\t\t<div class=\"elementor-element elementor-element-7190921 e-grid e-con-full e-con e-child\" data-id=\"7190921\" data-element_type=\"container\" data-e-type=\"container\">\n\t\t<div class=\"elementor-element elementor-element-12542c5 e-con-full e-flex e-con e-child\" data-id=\"12542c5\" data-element_type=\"container\" data-e-type=\"container\" data-settings=\"{&quot;background_background&quot;:&quot;classic&quot;}\">\n\t\t\t\t<div class=\"elementor-element elementor-element-bfbe9c6 elementor-widget elementor-widget-heading\" data-id=\"bfbe9c6\" data-element_type=\"widget\" data-e-type=\"widget\" data-widget_type=\"heading.default\">\n\t\t\t\t\t<h3 class=\"elementor-heading-title elementor-size-default\">Waterproofing <br> technique<\/h3>\t\t\t\t<\/div>\n\t\t\t\t<div class=\"elementor-element elementor-element-0e132a8 elementor-widget-divider--view-line elementor-widget elementor-widget-divider\" data-id=\"0e132a8\" data-element_type=\"widget\" data-e-type=\"widget\" data-widget_type=\"divider.default\">\n\t\t\t\t\t\t\t<div class=\"elementor-divider\">\n\t\t\t<span class=\"elementor-divider-separator\">\n\t\t\t\t\t\t<\/span>\n\t\t<\/div>\n\t\t\t\t\t\t<\/div>\n\t\t\t\t<div class=\"elementor-element elementor-element-be7948a elementor-widget elementor-widget-heading\" data-id=\"be7948a\" data-element_type=\"widget\" data-e-type=\"widget\" data-widget_type=\"heading.default\">\n\t\t\t\t\t<h3 class=\"elementor-heading-title elementor-size-default\">Application of waterproofing systems on flat and pitched roofs to prevent leaks and moisture. <\/h3>\t\t\t\t<\/div>\n\t\t\t\t<\/div>\n\t\t<div class=\"elementor-element elementor-element-f391ff6 e-con-full e-flex e-con e-child\" data-id=\"f391ff6\" data-element_type=\"container\" data-e-type=\"container\" data-settings=\"{&quot;background_background&quot;:&quot;classic&quot;}\">\n\t\t\t\t<div class=\"elementor-element elementor-element-6fb3ad4 elementor-widget elementor-widget-heading\" data-id=\"6fb3ad4\" data-element_type=\"widget\" data-e-type=\"widget\" data-widget_type=\"heading.default\">\n\t\t\t\t\t<h3 class=\"elementor-heading-title elementor-size-default\">Structural Repair and Replacement<\/h3>\t\t\t\t<\/div>\n\t\t\t\t<div class=\"elementor-element elementor-element-4da959d elementor-widget-divider--view-line elementor-widget elementor-widget-divider\" data-id=\"4da959d\" data-element_type=\"widget\" data-e-type=\"widget\" data-widget_type=\"divider.default\">\n\t\t\t\t\t\t\t<div class=\"elementor-divider\">\n\t\t\t<span class=\"elementor-divider-separator\">\n\t\t\t\t\t\t<\/span>\n\t\t<\/div>\n\t\t\t\t\t\t<\/div>\n\t\t\t\t<div class=\"elementor-element elementor-element-f7a08fe elementor-widget elementor-widget-heading\" data-id=\"f7a08fe\" data-element_type=\"widget\" data-e-type=\"widget\" data-widget_type=\"heading.default\">\n\t\t\t\t\t<h3 class=\"elementor-heading-title elementor-size-default\">Intervention on deteriorated roofs through structural reinforcement or complete system replacement when necessary.<\/h3>\t\t\t\t<\/div>\n\t\t\t\t<\/div>\n\t\t<div class=\"elementor-element elementor-element-bfc23a8 e-con-full e-flex e-con e-child\" data-id=\"bfc23a8\" data-element_type=\"container\" data-e-type=\"container\" data-settings=\"{&quot;background_background&quot;:&quot;classic&quot;}\">\n\t\t\t\t<div class=\"elementor-element elementor-element-dbdd51d elementor-widget elementor-widget-heading\" data-id=\"dbdd51d\" data-element_type=\"widget\" data-e-type=\"widget\" data-widget_type=\"heading.default\">\n\t\t\t\t\t<h3 class=\"elementor-heading-title elementor-size-default\">Insulation <br>thermal<\/h3>\t\t\t\t<\/div>\n\t\t\t\t<div class=\"elementor-element elementor-element-ff8b63c elementor-widget-divider--view-line elementor-widget elementor-widget-divider\" data-id=\"ff8b63c\" data-element_type=\"widget\" data-e-type=\"widget\" data-widget_type=\"divider.default\">\n\t\t\t\t\t\t\t<div class=\"elementor-divider\">\n\t\t\t<span class=\"elementor-divider-separator\">\n\t\t\t\t\t\t<\/span>\n\t\t<\/div>\n\t\t\t\t\t\t<\/div>\n\t\t\t\t<div class=\"elementor-element elementor-element-7182676 elementor-widget elementor-widget-heading\" data-id=\"7182676\" data-element_type=\"widget\" data-e-type=\"widget\" data-widget_type=\"heading.default\">\n\t\t\t\t\t<h3 class=\"elementor-heading-title elementor-size-default\">Improvement of roof insulation to reduce energy losses and eliminate thermal bridges affecting building comfort.<\/h3>\t\t\t\t<\/div>\n\t\t\t\t<\/div>\n\t\t<div class=\"elementor-element elementor-element-e814419 e-con-full e-flex e-con e-child\" data-id=\"e814419\" data-element_type=\"container\" data-e-type=\"container\" data-settings=\"{&quot;background_background&quot;:&quot;classic&quot;}\">\n\t\t\t\t<div class=\"elementor-element elementor-element-10e6a32 elementor-widget elementor-widget-heading\" data-id=\"10e6a32\" data-element_type=\"widget\" data-e-type=\"widget\" data-widget_type=\"heading.default\">\n\t\t\t\t\t<h3 class=\"elementor-heading-title elementor-size-default\">Reinforcements <br> structural<\/h3>\t\t\t\t<\/div>\n\t\t\t\t<div class=\"elementor-element elementor-element-f7121c9 elementor-widget-divider--view-line elementor-widget elementor-widget-divider\" data-id=\"f7121c9\" data-element_type=\"widget\" data-e-type=\"widget\" data-widget_type=\"divider.default\">\n\t\t\t\t\t\t\t<div class=\"elementor-divider\">\n\t\t\t<span class=\"elementor-divider-separator\">\n\t\t\t\t\t\t<\/span>\n\t\t<\/div>\n\t\t\t\t\t\t<\/div>\n\t\t\t\t<div class=\"elementor-element elementor-element-b038048 elementor-widget elementor-widget-heading\" data-id=\"b038048\" data-element_type=\"widget\" data-e-type=\"widget\" data-widget_type=\"heading.default\">\n\t\t\t\t\t<h3 class=\"elementor-heading-title elementor-size-default\">Specific actions to guarantee roof stability and prolong the building's lifespan.<\/h3>\t\t\t\t<\/div>\n\t\t\t\t<\/div>\n\t\t\t\t<\/div>\n\t\t\t\t<\/div>\n\t\t\t\t<div class=\"elementor-element elementor-element-8466778 elementor-widget elementor-widget-text-editor\" data-id=\"8466778\" data-element_type=\"widget\" data-e-type=\"widget\" data-widget_type=\"text-editor.default\">\n\t\t\t\t\t\t\t\t\t<p>Roofs can present different pathologies if they are not properly maintained or if they have exceeded their lifespan.<\/p>\t\t\t\t\t\t\t\t<\/div>\n\t\t\t\t\t<\/div>\n\t\t\t\t<\/div>\n\t\t<div class=\"elementor-element elementor-element-31e35dc9 e-flex e-con-boxed e-con e-parent\" data-id=\"31e35dc9\" data-element_type=\"container\" data-e-type=\"container\" data-settings=\"{&quot;background_background&quot;:&quot;classic&quot;}\">\n\t\t\t\t\t<div class=\"e-con-inner\">\n\t\t<div class=\"elementor-element elementor-element-b0a68c9 e-con-full e-flex e-con e-child\" data-id=\"b0a68c9\" data-element_type=\"container\" data-e-type=\"container\">\n\t\t\t\t<div class=\"elementor-element elementor-element-37e38238 elementor-widget elementor-widget-heading\" data-id=\"37e38238\" data-element_type=\"widget\" data-e-type=\"widget\" data-widget_type=\"heading.default\">\n\t\t\t\t\t<p class=\"elementor-heading-title elementor-size-default\">Request a quote for your roof<\/p>\t\t\t\t<\/div>\n\t\t\t\t<div class=\"elementor-element elementor-element-a6b3be5 elementor-widget elementor-widget-text-editor\" data-id=\"a6b3be5\" data-element_type=\"widget\" data-e-type=\"widget\" data-widget_type=\"text-editor.default\">\n\t\t\t\t\t\t\t\t\t<p>We analyze your case and offer you a technical solution adapted to your building, with a clear and non-binding quote.<\/p>\t\t\t\t\t\t\t\t<\/div>\n\t\t\t\t<\/div>\n\t\t<div class=\"elementor-element elementor-element-a24cc17 e-con-full e-flex e-con e-child\" data-id=\"a24cc17\" data-element_type=\"container\" data-e-type=\"container\">\n\t\t\t\t<div class=\"elementor-element elementor-element-65b2b1f8 elementor-widget elementor-widget-button\" data-id=\"65b2b1f8\" data-element_type=\"widget\" data-e-type=\"widget\" data-widget_type=\"button.default\">\n\t\t\t\t\t\t\t\t\t\t<a class=\"elementor-button elementor-button-link elementor-size-sm\" href=\"\/en\/contacto\/\">\n\t\t\t\t\t\t<span class=\"elementor-button-content-wrapper\">\n\t\t\t\t\t\t\t\t\t<span class=\"elementor-button-text\">Request a quote<\/span>\n\t\t\t\t\t<\/span>\n\t\t\t\t\t<\/a>\n\t\t\t\t\t\t\t\t<\/div>\n\t\t\t\t<\/div>\n\t\t\t\t\t<\/div>\n\t\t\t\t<\/div>\n\t\t\t\t<\/div>","protected":false},"excerpt":{"rendered":"<p>Rehabilitaci\u00f3n de cubiertas en Madrid Impermeabilizaci\u00f3n, reparaci\u00f3n estructural y mejora del aislamiento Especialistas en rehabilitaci\u00f3n de cubiertas La cubierta es uno de los elementos m\u00e1s sensibles del edificio. Una intervenci\u00f3n a tiempo evita da\u00f1os mayores en la estructura, viviendas y zonas comunes. En IDG Cubiertas y Fachadas trabajamos sobre cubiertas planas, inclinadas y transitables, adaptando [&hellip;]<\/p>\n","protected":false},"author":2,"featured_media":0,"parent":0,"menu_order":0,"comment_status":"closed","ping_status":"closed","template":"","meta":{"footnotes":""},"class_list":["post-187","page","type-page","status-publish","hentry"],"blocksy_meta":[],"_links":{"self":[{"href":"https:\/\/fachadasycubiertasidg.com\/en\/wp-json\/wp\/v2\/pages\/187","targetHints":{"allow":["GET"]}}],"collection":[{"href":"https:\/\/fachadasycubiertasidg.com\/en\/wp-json\/wp\/v2\/pages"}],"about":[{"href":"https:\/\/fachadasycubiertasidg.com\/en\/wp-json\/wp\/v2\/types\/page"}],"author":[{"embeddable":true,"href":"https:\/\/fachadasycubiertasidg.com\/en\/wp-json\/wp\/v2\/users\/2"}],"replies":[{"embeddable":true,"href":"https:\/\/fachadasycubiertasidg.com\/en\/wp-json\/wp\/v2\/comments?post=187"}],"version-history":[{"count":43,"href":"https:\/\/fachadasycubiertasidg.com\/en\/wp-json\/wp\/v2\/pages\/187\/revisions"}],"predecessor-version":[{"id":353,"href":"https:\/\/fachadasycubiertasidg.com\/en\/wp-json\/wp\/v2\/pages\/187\/revisions\/353"}],"wp:attachment":[{"href":"https:\/\/fachadasycubiertasidg.com\/en\/wp-json\/wp\/v2\/media?parent=187"}],"curies":[{"name":"wp","href":"https:\/\/api.w.org\/{rel}","templated":true}]}}